{"id":158957,"date":"2026-04-28T04:43:35","date_gmt":"2026-04-28T01:43:35","guid":{"rendered":"https:\/\/newsite.officeshop.bg\/?product=paperblanks-%d0%ba%d0%bd%d0%b8%d0%b3%d0%be%d1%80%d0%b0%d0%b7%d0%b4%d0%b5%d0%bb%d0%b8%d1%82%d0%b5%d0%bb-hafizs-peacocks"},"modified":"2026-04-28T04:43:36","modified_gmt":"2026-04-28T01:43:36","slug":"paperblanks-%d0%ba%d0%bd%d0%b8%d0%b3%d0%be%d1%80%d0%b0%d0%b7%d0%b4%d0%b5%d0%bb%d0%b8%d1%82%d0%b5%d0%bb-hafizs-peacocks","status":"publish","type":"product","link":"https:\/\/newsite.officeshop.bg\/?product=paperblanks-%d0%ba%d0%bd%d0%b8%d0%b3%d0%be%d1%80%d0%b0%d0%b7%d0%b4%d0%b5%d0%bb%d0%b8%d1%82%d0%b5%d0%bb-hafizs-peacocks","title":{"rendered":"Paperblanks \u041a\u043d\u0438\u0433\u043e\u0440\u0430\u0437\u0434\u0435\u043b\u0438\u0442\u0435\u043b Hafiz&apos;s Peacocks"},"content":{"rendered":"<p>\u041a\u043e\u043b\u0435\u043a\u0446\u0438\u044f\u0442\u0430 \u043e\u0442 \u0442\u0435\u0444\u0442\u0435\u0440\u0438, \u043a\u043d\u0438\u0433\u0438 \u0437\u0430 \u0433\u043e\u0441\u0442\u0438, \u043b\u0435\u043d\u0442\u0438, \u043d\u0435\u0441\u0435\u0441\u0435\u0440\u0438 \u0438 \u043f\u043b\u0430\u043d\u0435\u0440\u0438 \u043d\u0430 Paperblanks \u043e\u0442\u0434\u0430\u0432\u0430 \u043f\u043e\u0447\u0438\u0442 \u043d\u0430 \u0432\u0435\u043b\u0438\u043a\u043e\u0442\u043e \u0438\u0437\u043a\u0443\u0441\u0442\u0432\u043e, \u0438\u0441\u0442\u043e\u0440\u0438\u044f\u0442\u0430, \u043c\u0443\u0437\u0438\u043a\u0430\u0442\u0430 \u0438 \u043d\u0430\u0443\u043a\u0430\u0442\u0430, \u043a\u0430\u0442\u043e \u043f\u043e\u0434\u0447\u0435\u0440\u0442\u0430\u0432\u0430 \u0442\u044f\u0445\u043d\u0430\u0442\u0430 \u0438\u0437\u0442\u044a\u043d\u0447\u0435\u043d\u043e\u0441\u0442 \u0438 \u0437\u043d\u0430\u0447\u0438\u043c\u043e\u0441\u0442. \u0412\u0441\u0438\u0447\u043a\u0438 \u0438\u0437\u0434\u0435\u043b\u0438\u044f \u043d\u0430\u043f\u043e\u0434\u043e\u0431\u044f\u0432\u0430\u0442 \u0441\u0442\u0430\u0440\u0438 \u043a\u043d\u0438\u0433\u0438 \u0438 \u0434\u043d\u0435\u0432\u043d\u0438\u0446\u0438, \u0430 \u0431\u043b\u0430\u0433\u043e\u0434\u0430\u0440\u0435\u043d\u0438\u0435 \u043d\u0430 \u043d\u0430\u0439-\u0441\u044a\u0432\u0440\u0435\u043c\u0435\u043d\u043d\u0438\u0442\u0435 \u043f\u0435\u0447\u0430\u0442\u043d\u0438 \u0442\u0435\u0445\u043d\u0438\u043a\u0438 \u043f\u0440\u0435\u0441\u044a\u0437\u0434\u0430\u0432\u0430\u0442 \u043c\u0430\u0439\u0441\u0442\u043e\u0440\u0441\u0442\u0432\u043e\u0442\u043e \u0438 \u043c\u0430\u0442\u0435\u0440\u0438\u0430\u043b\u0438\u0442\u0435 \u043e\u0442 \u043c\u0438\u043d\u0430\u043b\u0438 \u0435\u043f\u043e\u0445\u0438.<\/p>\n<p>\u0422\u043e\u0437\u0438 \u0432\u0435\u043b\u0438\u043a\u043e\u043b\u0435\u043f\u0435\u043d \u0434\u0438\u0437\u0430\u0439\u043d \u0435 \u0434\u0435\u043b\u043e \u043d\u0430 \u0443\u0432\u0430\u0436\u0430\u0432\u0430\u043d\u0438\u0442\u0435 \u043c\u0430\u0439\u0441\u0442\u043e\u0440\u0438 \u043e\u0442 Sangorski &#038; Sutcliffe. \u0418\u0437\u0440\u0430\u0431\u043e\u0442\u0435\u043d \u043f\u0440\u0435\u0437 1901 \u0433. \u0437\u0430 \u0441\u044a\u0431\u0438\u0440\u0430\u043d\u0435 \u043d\u0430 \u043f\u0440\u043e\u0438\u0437\u0432\u0435\u0434\u0435\u043d\u0438\u044f \u043f\u043e\u0434 \u0437\u0430\u0433\u043b\u0430\u0432\u0438\u0435\u0442\u043e <em>H\u00e1fiz? of Sh\u00edr\u00e1z: Selections from His Poems<\/em>, \u0442\u043e\u0439 \u0432\u043a\u043b\u044e\u0447\u0432\u0430 \u0442\u0440\u0438 \u0437\u0430\u0448\u0435\u043c\u0435\u0442\u044f\u0432\u0430\u0449\u043e \u0438\u043d\u043a\u0440\u0443\u0441\u0442\u0438\u0440\u0430\u043d\u0438 \u043f\u0430\u0443\u043d\u0430, \u0432\u0441\u0435\u043a\u0438 \u0441 \u043e\u0441\u0435\u043c \u0440\u0430\u0437\u043b\u0438\u0447\u043d\u0438 \u0446\u0432\u044f\u0442\u0430, \u0443\u043a\u0440\u0430\u0441\u0435\u043d\u0438 \u0441 \u0440\u0430\u0441\u0442\u0438\u0442\u0435\u043b\u043d\u0438 \u043c\u043e\u0442\u0438\u0432\u0438 \u0438 \u0437\u043b\u0430\u0442\u043d\u0438 \u043e\u0440\u043d\u0430\u043c\u0435\u043d\u0442\u0438.<\/p>\n<p><strong>\u0414\u043e\u043f\u044a\u043b\u043d\u0438\u0442\u0435\u043b\u043d\u0438 \u0445\u0430\u0440\u0430\u043a\u0442\u0435\u0440\u0438\u0441\u0442\u0438\u043a\u0438:<\/strong><\/p>\n<ul>\n<li>\u0414\u0432\u0443\u0441\u0442\u0440\u0430\u043d\u0435\u043d \u0434\u0438\u0437\u0430\u0439\u043d.<\/li>\n<li>\u0417\u0430\u043e\u0431\u043b\u0435\u043d\u0438 \u0440\u044a\u0431\u043e\u0432\u0435.<\/li>\n<li>\u0420\u0430\u0437\u043c\u0435\u0440\u0438: 4 \u0445 18.5 cm.<\/li>\n<\/ul>\n<p>\u0422\u043e\u0437\u0438 \u043f\u0440\u043e\u0434\u0443\u043a\u0442 \u0435 \u0438\u0434\u0435\u0430\u043b\u0435\u043d \u043a\u0430\u043a\u0442\u043e \u0437\u0430 \u043b\u0438\u0447\u043d\u0430 \u0443\u043f\u043e\u0442\u0440\u0435\u0431\u0430, \u0442\u0430\u043a\u0430 \u0438 \u0437\u0430 \u0441\u0442\u0438\u043b\u0435\u043d \u043f\u043e\u0434\u0430\u0440\u044a\u043a.<\/p>\n","protected":false},"excerpt":{"rendered":"<p>\u041a\u043e\u043b\u0435\u043a\u0446\u0438\u044f\u0442\u0430 \u043e\u0442 \u0442\u0435\u0444\u0442\u0435\u0440\u0438, \u043a\u043d\u0438\u0433\u0438 \u0437\u0430 \u0433\u043e\u0441\u0442\u0438, \u043b\u0435\u043d\u0442\u0438, \u043d\u0435\u0441\u0435\u0441\u0435\u0440\u0438 \u0438 \u043f\u043b\u0430\u043d\u0435\u0440\u0438 \u043d\u0430 Paperblanks \u043e\u0442\u0434\u0430\u0432\u0430 \u043f\u043e\u0447\u0438\u0442 \u043d\u0430 \u0432\u0435\u043b\u0438\u043a\u043e\u0442\u043e \u0438\u0437\u043a\u0443\u0441\u0442\u0432\u043e, \u0438\u0441\u0442\u043e\u0440\u0438\u044f\u0442\u0430, \u043c\u0443\u0437\u0438\u043a\u0430\u0442\u0430 \u0438<\/p>\n","protected":false},"featured_media":158958,"comment_status":"closed","ping_status":"open","template":"","meta":{"_daextam_enable_autolinks":""},"product_brand":[339],"product_cat":[954,988,987],"product_tag":[],"class_list":{"0":"post-158957","1":"product","2":"type-product","3":"status-publish","4":"has-post-thumbnail","6":"product_brand-paperblanks","7":"product_cat-954","8":"product_cat-988","9":"product_cat-987","11":"first","12":"instock","13":"purchasable","14":"product-type-simple"},"jetpack_sharing_enabled":true,"_links":{"self":[{"href":"https:\/\/newsite.officeshop.bg\/index.php?rest_route=\/wp\/v2\/product\/158957","targetHints":{"allow":["GET"]}}],"collection":[{"href":"https:\/\/newsite.officeshop.bg\/index.php?rest_route=\/wp\/v2\/product"}],"about":[{"href":"https:\/\/newsite.officeshop.bg\/index.php?rest_route=\/wp\/v2\/types\/product"}],"replies":[{"embeddable":true,"href":"https:\/\/newsite.officeshop.bg\/index.php?rest_route=%2Fwp%2Fv2%2Fcomments&post=158957"}],"version-history":[{"count":0,"href":"https:\/\/newsite.officeshop.bg\/index.php?rest_route=\/wp\/v2\/product\/158957\/revisions"}],"wp:featuredmedia":[{"embeddable":true,"href":"https:\/\/newsite.officeshop.bg\/index.php?rest_route=\/wp\/v2\/media\/158958"}],"wp:attachment":[{"href":"https:\/\/newsite.officeshop.bg\/index.php?rest_route=%2Fwp%2Fv2%2Fmedia&parent=158957"}],"wp:term":[{"taxonomy":"product_brand","embeddable":true,"href":"https:\/\/newsite.officeshop.bg\/index.php?rest_route=%2Fwp%2Fv2%2Fproduct_brand&post=158957"},{"taxonomy":"product_cat","embeddable":true,"href":"https:\/\/newsite.officeshop.bg\/index.php?rest_route=%2Fwp%2Fv2%2Fproduct_cat&post=158957"},{"taxonomy":"product_tag","embeddable":true,"href":"https:\/\/newsite.officeshop.bg\/index.php?rest_route=%2Fwp%2Fv2%2Fproduct_tag&post=158957"}],"curies":[{"name":"wp","href":"https:\/\/api.w.org\/{rel}","templated":true}]}}